{"id":1445,"date":"2018-06-07T11:59:29","date_gmt":"2018-06-07T09:59:29","guid":{"rendered":"http:\/\/interreligio.unistra.fr\/?page_id=1445"},"modified":"2021-06-07T19:23:58","modified_gmt":"2021-06-07T17:23:58","slug":"interreligioeses-institut","status":"publish","type":"page","link":"https:\/\/relien.unistra.fr\/de\/interreligioeses-institut\/","title":{"rendered":"Interreligi\u00f6ses Institut"},"content":{"rendered":"<p><span style=\"font-weight: 400;\">Das Interreligi\u00f6se Institut achtet auf die wissenschaftliche Qualit\u00e4t und die gesellschaftliche Relevanz des Projekts <\/span><span style=\"font-weight: 400;\">RELIEN. Mittel- und langfristig sollen die Voraussetzungen f\u00fcr die Nachhaltigkeit des Projekts geschaffen werden, indem ein Schulungsangebot am Oberrhein etabliert wird. Das Institut besteht aus drei Instanzen:<\/span><\/p>\n<p><span style=\"font-weight: 400;\">Der wissenschaftliche Beirat<\/span><\/p>\n<p><span style=\"font-weight: 400;\">Der wissenschaftliche Beirat sorgt f\u00fcr die Koordination zwischen den verschiedenen Partnerhochschulen und -institutionen. Er ist Garant f\u00fcr die wissenschaftliche Qualit\u00e4t der angebotenen Weiterbildung und der angeschlossenen Forschungsarbeiten. Er setzt sich aus Lehrenden und Forschenden des Projekts zusammen, die die Partneruniversit\u00e4ten und -institutionen vertreten.<\/span><\/p>\n<p><span style=\"font-weight: 400;\">Begleitausschuss zur Pflege der Kontakte mit Unternehmen<\/span><\/p>\n<p><span style=\"font-weight: 400;\">Der Begleitausschuss, der sich den Kontakten mit Unternehmen widmet, ist das zweite Gremium des Interreligi\u00f6sen Instituts. Sein Ziel ist es, Verbindungen zur Wirtschaft in der Region Oberrhein herzustellen.<\/span><\/p>\n<p><span style=\"font-weight: 400;\">Begleitausschuss f\u00fcr schwer zu erreichende Gruppen<\/span><\/p>\n<p><span style=\"font-weight: 400;\">Der Begleitausschuss f\u00fcr schwer erreichbare Gruppen ist das dritte Gremium des Interreligi\u00f6sen Instituts. Er pflegt den Kontakt zu Mittlern und Betreuern der Zielgruppe<\/span><\/p>\n<p>&nbsp;<\/p>\n","protected":false},"excerpt":{"rendered":"<p>Das Interreligi\u00f6se Institut achtet auf die wissenschaftliche Qualit\u00e4t und die gesellschaftliche Relevanz des Projekts RELIEN. Mittel- und langfristig sollen die&hellip;<\/p>\n","protected":false},"author":4,"featured_media":3573,"parent":0,"menu_order":50,"comment_status":"closed","ping_status":"closed","template":"","meta":[],"aioseo_notices":[],"jetpack_sharing_enabled":true,"_links":{"self":[{"href":"https:\/\/relien.unistra.fr\/de\/wp-json\/wp\/v2\/pages\/1445"}],"collection":[{"href":"https:\/\/relien.unistra.fr\/de\/wp-json\/wp\/v2\/pages"}],"about":[{"href":"https:\/\/relien.unistra.fr\/de\/wp-json\/wp\/v2\/types\/page"}],"author":[{"embeddable":true,"href":"https:\/\/relien.unistra.fr\/de\/wp-json\/wp\/v2\/users\/4"}],"replies":[{"embeddable":true,"href":"https:\/\/relien.unistra.fr\/de\/wp-json\/wp\/v2\/comments?post=1445"}],"version-history":[{"count":8,"href":"https:\/\/relien.unistra.fr\/de\/wp-json\/wp\/v2\/pages\/1445\/revisions"}],"predecessor-version":[{"id":4101,"href":"https:\/\/relien.unistra.fr\/de\/wp-json\/wp\/v2\/pages\/1445\/revisions\/4101"}],"wp:featuredmedia":[{"embeddable":true,"href":"https:\/\/relien.unistra.fr\/de\/wp-json\/wp\/v2\/media\/3573"}],"wp:attachment":[{"href":"https:\/\/relien.unistra.fr\/de\/wp-json\/wp\/v2\/media?parent=1445"}],"curies":[{"name":"wp","href":"https:\/\/api.w.org\/{rel}","templated":true}]}}