{"id":1449,"date":"2018-06-07T12:16:10","date_gmt":"2018-06-07T10:16:10","guid":{"rendered":"http:\/\/interreligio.unistra.fr\/?page_id=1449"},"modified":"2022-11-16T11:00:08","modified_gmt":"2022-11-16T10:00:08","slug":"internationale-konferenzen","status":"publish","type":"page","link":"https:\/\/relien.unistra.fr\/de\/internationale-konferenzen\/","title":{"rendered":"Internationale Konferenzen"},"content":{"rendered":"<p>&nbsp;<\/p>\n<div class=\"entry-content\">\n<div class=\"entry-content\">\n<p><img decoding=\"async\" loading=\"lazy\" class=\"alignnone size-medium wp-image-4916\" src=\"https:\/\/relien.unistra.fr\/wp-content\/uploads\/2022\/11\/Colloque-Landau-17-18-Novembre-2022-424x600.png\" alt=\"\" width=\"424\" height=\"600\" srcset=\"https:\/\/relien.unistra.fr\/wp-content\/uploads\/2022\/11\/Colloque-Landau-17-18-Novembre-2022-424x600.png 424w, https:\/\/relien.unistra.fr\/wp-content\/uploads\/2022\/11\/Colloque-Landau-17-18-Novembre-2022-724x1024.png 724w, https:\/\/relien.unistra.fr\/wp-content\/uploads\/2022\/11\/Colloque-Landau-17-18-Novembre-2022-768x1086.png 768w, https:\/\/relien.unistra.fr\/wp-content\/uploads\/2022\/11\/Colloque-Landau-17-18-Novembre-2022-1086x1536.png 1086w, https:\/\/relien.unistra.fr\/wp-content\/uploads\/2022\/11\/Colloque-Landau-17-18-Novembre-2022-1448x2048.png 1448w, https:\/\/relien.unistra.fr\/wp-content\/uploads\/2022\/11\/Colloque-Landau-17-18-Novembre-2022.png 1587w\" sizes=\"(max-width: 424px) 100vw, 424px\" \/><\/p>\n<h1><strong>Colloque international\u00a0 \u00a0&#8220;<span style=\"font-size: 22pt; font-family: 'unistra a';\">Diversit\u00e9 des religions dans les soci\u00e9t\u00e9s d\u00e9mocratiques<\/span>&#8220;?\u00a0 \u00a0 \u00a0<\/strong><\/h1>\n<ul>\n<li><em>17-18 novembre 2022\u00a0 \u00a0 \u00a0<\/em><\/li>\n<li><em>Parkhotel Landau et Universit\u00e9 de Koblenz-Landau, Campus Landau<\/em><\/li>\n<li><em>Visioconf\u00e9rence Zoom<\/em><\/li>\n<\/ul>\n<p><strong>Pr\u00e4sentation der Konferenz:<\/strong><\/p>\n<p>Vielfalt der Religionen geh\u00f6rt zur menschlichen Geschichte und zur Gegenwart. W\u00e4hrend der Tagung im Rahmen des gemeinsam mit den Universit\u00e4ten Basel und Stra\u00dfburg verantworteten EU-Projekts RELIEN \u2013 Religion et Entreprise (Religion und Unternehmen) wollen wir die gro\u00dfe Frage stellen, wie ein gutes Zusammenleben in dieser Vielfalt gelingen kann.<br \/>\n&#8211; Welche interreligi\u00f6sen Ankn\u00fcpfungspunkte k\u00f6nnen in heiligen Schriften gefunden werden?<br \/>\n&#8211; Welche Bedeutung haben sie f\u00fcr das heutige Miteinander der Religionen?<br \/>\n&#8211; Welcher Umgang mit unterschiedlichen religi\u00f6sen und nichtreligi\u00f6sen Traditionen tr\u00e4gt zu einer gewaltfreien und friedlichen Gesellschaft bei?<br \/>\n&#8211; Welche politischen L\u00f6sungen in einem demokratischen St aat erm\u00f6glichen gegenseitige Verst\u00e4ndigung der Religionen?<br \/>\n&#8211; Welche Probleme und welche Perspektiven k\u00f6nnen aufgezeigt werden?<br \/>\n&#8211; Inwieweit kann interreligionssensible Bildung einen Beitrag leisten?<br \/>\n&#8211; Welche Formen kann interreligi\u00f6se Bildung besonders im Erwachsenenalter annehmen?<br \/>\nDiese Fragen bewegen sich im Bezugsfeld von Theologie, Demokratie und P\u00e4dagogik. Im Projekt werden diese Fragen auf das Feld von Wirtschaft und Arbeit zugespitzt. Wir wollen die Perspektive auf das demokratische Gemeinwesen ausweiten. Au\u00dferdem wollen wir uns dem Ansatz einer interreligionssensiblen Bildung ann\u00e4hern, um einem gelingenden demokratischen Zusammenleben in religi\u00f6ser Vielfalt n\u00e4herzukommen.<\/p>\n<p><img decoding=\"async\" loading=\"lazy\" class=\"alignnone size-full wp-image-4919\" src=\"https:\/\/relien.unistra.fr\/wp-content\/uploads\/2022\/11\/Inscription.png\" alt=\"\" width=\"254\" height=\"90\" \/> Veuillez contacter par le mail suivant: <b style=\"font-family: 'unistra a'; font-size: 17.3333px; font-style: normal; font-variant-ligatures: normal; font-variant-caps: normal; font-weight: 400; letter-spacing: normal; text-transform: none; white-space: normal; word-spacing: 0px; -webkit-text-stroke-width: 0px;\">\u00a0<a href=\"&#109;&#x61;&#x69;&#108;&#x74;&#x6f;&#58;&#x6a;&#x72;&#111;&#x65;&#x64;&#101;&#x72;&#x40;&#117;&#x6e;&#x69;&#45;&#x6c;&#x61;&#110;&#x64;&#x61;&#117;&#x2e;&#x64;e\">&#x6a;&#114;&#x6f;&#x65;&#100;&#x65;&#114;&#64;&#x75;&#110;i&#x2d;&#108;a&#x6e;&#100;a&#x75;&#46;&#x64;&#x65;<\/a>\u00a0\u00a0<\/b>Programme disponible ci-dessous:<\/p>\n\n<p>&nbsp;<\/p>\n<\/div>\n<\/div>\n","protected":false},"excerpt":{"rendered":"<p>&nbsp; Colloque international\u00a0 \u00a0&#8220;Diversit\u00e9 des religions dans les soci\u00e9t\u00e9s d\u00e9mocratiques&#8220;?\u00a0 \u00a0 \u00a0 17-18 novembre 2022\u00a0 \u00a0 \u00a0 Parkhotel Landau et&hellip;<\/p>\n","protected":false},"author":4,"featured_media":558,"parent":0,"menu_order":50,"comment_status":"closed","ping_status":"closed","template":"","meta":[],"aioseo_notices":[],"jetpack_sharing_enabled":true,"_links":{"self":[{"href":"https:\/\/relien.unistra.fr\/de\/wp-json\/wp\/v2\/pages\/1449"}],"collection":[{"href":"https:\/\/relien.unistra.fr\/de\/wp-json\/wp\/v2\/pages"}],"about":[{"href":"https:\/\/relien.unistra.fr\/de\/wp-json\/wp\/v2\/types\/page"}],"author":[{"embeddable":true,"href":"https:\/\/relien.unistra.fr\/de\/wp-json\/wp\/v2\/users\/4"}],"replies":[{"embeddable":true,"href":"https:\/\/relien.unistra.fr\/de\/wp-json\/wp\/v2\/comments?post=1449"}],"version-history":[{"count":16,"href":"https:\/\/relien.unistra.fr\/de\/wp-json\/wp\/v2\/pages\/1449\/revisions"}],"predecessor-version":[{"id":4929,"href":"https:\/\/relien.unistra.fr\/de\/wp-json\/wp\/v2\/pages\/1449\/revisions\/4929"}],"wp:featuredmedia":[{"embeddable":true,"href":"https:\/\/relien.unistra.fr\/de\/wp-json\/wp\/v2\/media\/558"}],"wp:attachment":[{"href":"https:\/\/relien.unistra.fr\/de\/wp-json\/wp\/v2\/media?parent=1449"}],"curies":[{"name":"wp","href":"https:\/\/api.w.org\/{rel}","templated":true}]}}