{"id":1453,"date":"2018-06-07T12:29:09","date_gmt":"2018-06-07T10:29:09","guid":{"rendered":"http:\/\/interreligio.unistra.fr\/?page_id=1453"},"modified":"2021-06-08T16:49:35","modified_gmt":"2021-06-08T14:49:35","slug":"kontakt","status":"publish","type":"page","link":"https:\/\/relien.unistra.fr\/de\/kontakt\/","title":{"rendered":"Kontakt"},"content":{"rendered":"<p>&nbsp;<\/p>\n<div data-test='contact-form' id='contact-form-1453' class='wp-block-jetpack-contact-form-container '>\n<form action='https:\/\/relien.unistra.fr\/de\/kontakt\/#contact-form-1453' method='post' class='contact-form commentsblock'>\n<script>\n\t\t\t( function () {\n\t\t\t\tconst contact_forms = document.getElementsByClassName('contact-form');\n\n\t\t\t\tfor ( const form of contact_forms ) {\n\t\t\t\t\tform.onsubmit = function() {\n\t\t\t\t\t\tconst buttons = form.getElementsByTagName('button');\n\n\t\t\t\t\t\tfor( const button of buttons ) {\n\t\t\t\t\t\t\tbutton.setAttribute('disabled', true);\n\t\t\t\t\t\t}\n\t\t\t\t\t}\n\t\t\t\t}\n\t\t\t} )();\n\t\t<\/script>\n<div style=\"\" class='grunion-field-name-wrap grunion-field-wrap'  >\n<label\n\t\t\t\tfor='g1453-name'\n\t\t\t\tclass='grunion-field-label name'>Name<span>*<\/span><\/label>\n<input\n\t\t\t\t\ttype='text'\n\t\t\t\t\tname='g1453-name'\n\t\t\t\t\tid='g1453-name'\n\t\t\t\t\tvalue=''\n\t\t\t\t\tclass='name  grunion-field' \n\t\t\t\t\trequired aria-required='true' \/>\n\t<\/div>\n\n<div style=\"\" class='grunion-field-name-wrap grunion-field-wrap'  >\n<label\n\t\t\t\tfor='g1453-vorname'\n\t\t\t\tclass='grunion-field-label name'>Vorname<span>*<\/span><\/label>\n<input\n\t\t\t\t\ttype='text'\n\t\t\t\t\tname='g1453-vorname'\n\t\t\t\t\tid='g1453-vorname'\n\t\t\t\t\tvalue=''\n\t\t\t\t\tclass='name  grunion-field' \n\t\t\t\t\trequired aria-required='true' \/>\n\t<\/div>\n\n<div style=\"\" class='grunion-field-email-wrap grunion-field-wrap'  >\n<label\n\t\t\t\tfor='g1453-email'\n\t\t\t\tclass='grunion-field-label email'>E-mail<span>*<\/span><\/label>\n<input\n\t\t\t\t\ttype='email'\n\t\t\t\t\tname='g1453-email'\n\t\t\t\t\tid='g1453-email'\n\t\t\t\t\tvalue=''\n\t\t\t\t\tclass='email  grunion-field' \n\t\t\t\t\trequired aria-required='true' \/>\n\t<\/div>\n\n<div style=\"\" class='grunion-field-text-wrap grunion-field-wrap'  >\n<label\n\t\t\t\tfor='g1453-amt'\n\t\t\t\tclass='grunion-field-label text'>Amt<\/label>\n<input\n\t\t\t\t\ttype='text'\n\t\t\t\t\tname='g1453-amt'\n\t\t\t\t\tid='g1453-amt'\n\t\t\t\t\tvalue=''\n\t\t\t\t\tclass='text  grunion-field' \n\t\t\t\t\t \/>\n\t<\/div>\n\n<div style=\"\" class='grunion-field-text-wrap grunion-field-wrap'  >\n<label\n\t\t\t\tfor='g1453-nachrichtenbetreff'\n\t\t\t\tclass='grunion-field-label text'>Nachrichtenbetreff<span>*<\/span><\/label>\n<input\n\t\t\t\t\ttype='text'\n\t\t\t\t\tname='g1453-nachrichtenbetreff'\n\t\t\t\t\tid='g1453-nachrichtenbetreff'\n\t\t\t\t\tvalue=''\n\t\t\t\t\tclass='text  grunion-field' \n\t\t\t\t\trequired aria-required='true' \/>\n\t<\/div>\n\n<div style=\"\" class='grunion-field-textarea-wrap grunion-field-wrap'  >\n<label\n\t\t\t\tfor='contact-form-comment-g1453-nachricht'\n\t\t\t\tclass='grunion-field-label textarea'> Nachricht <span>*<\/span><\/label>\n<textarea\n\t\t                style=''\n\t\t                name='g1453-nachricht'\n\t\t                id='contact-form-comment-g1453-nachricht'\n\t\t                rows='20' class='textarea  grunion-field'  required aria-required='true'><\/textarea>\n\t<\/div>\n\n<div style=\"\" class='grunion-field-checkbox-wrap grunion-field-wrap'  >\n<label class='grunion-field-label checkbox' style=''>\t\t<input type='checkbox' name='g1453-dieinformationendiesesformularsermglichendemrelienprojektteamaufihreanfragezuantworten-gemderdatenschutzgrundverordnungeu2016679habensiedasrechtihrevonunserfasstendateneinzusehensiezuberichtige' value='Yes' class='checkbox  grunion-field'  required aria-required='true'\/> \n\t\tDie Informationen dieses Formulars erm\u00f6glichen dem RELIEN-Projektteam, auf Ihre Anfrage zu antworten. Gem\u00e4\u00df der Datenschutz-Grundverordnung (EU) 2016\/679 haben Sie das Recht, Ihre von uns erfassten Daten einzusehen, sie zu berichtigen, zu begrenzen und Widerspruch einzulegen.<span>*<\/span><\/label>\n<div class='clear-form'><\/div>\n\t<\/div>\n\t<p class='contact-submit'>\n\t\t<button type='submit' class='pushbutton-wide'>Submit<\/button>\t\t<input type='hidden' name='contact-form-id' value='1453' \/>\n\t\t<input type='hidden' name='action' value='grunion-contact-form' \/>\n\t\t<input type='hidden' name='contact-form-hash' value='a59113c27c73029e4307e22e0ca6db18c49493ee' \/>\n\t<\/p>\n<p style=\"display: none !important;\"><label>&#916;<textarea name=\"ak_hp_textarea\" cols=\"45\" rows=\"8\" maxlength=\"100\"><\/textarea><\/label><input type=\"hidden\" id=\"ak_js_1\" name=\"ak_js\" value=\"47\"\/><script>document.getElementById( \"ak_js_1\" ).setAttribute( \"value\", ( new Date() ).getTime() );<\/script><\/p><\/form>\n<\/div>\n","protected":false},"excerpt":{"rendered":"<p>&nbsp;<\/p>\n","protected":false},"author":4,"featured_media":3570,"parent":0,"menu_order":100,"comment_status":"closed","ping_status":"closed","template":"page-one-column.php","meta":[],"aioseo_notices":[],"jetpack_sharing_enabled":true,"_links":{"self":[{"href":"https:\/\/relien.unistra.fr\/de\/wp-json\/wp\/v2\/pages\/1453"}],"collection":[{"href":"https:\/\/relien.unistra.fr\/de\/wp-json\/wp\/v2\/pages"}],"about":[{"href":"https:\/\/relien.unistra.fr\/de\/wp-json\/wp\/v2\/types\/page"}],"author":[{"embeddable":true,"href":"https:\/\/relien.unistra.fr\/de\/wp-json\/wp\/v2\/users\/4"}],"replies":[{"embeddable":true,"href":"https:\/\/relien.unistra.fr\/de\/wp-json\/wp\/v2\/comments?post=1453"}],"version-history":[{"count":3,"href":"https:\/\/relien.unistra.fr\/de\/wp-json\/wp\/v2\/pages\/1453\/revisions"}],"predecessor-version":[{"id":4147,"href":"https:\/\/relien.unistra.fr\/de\/wp-json\/wp\/v2\/pages\/1453\/revisions\/4147"}],"wp:featuredmedia":[{"embeddable":true,"href":"https:\/\/relien.unistra.fr\/de\/wp-json\/wp\/v2\/media\/3570"}],"wp:attachment":[{"href":"https:\/\/relien.unistra.fr\/de\/wp-json\/wp\/v2\/media?parent=1453"}],"curies":[{"name":"wp","href":"https:\/\/api.w.org\/{rel}","templated":true}]}}