{"id":4102,"date":"2021-06-07T19:41:09","date_gmt":"2021-06-07T17:41:09","guid":{"rendered":"https:\/\/relien.adipso.fr\/?page_id=4102"},"modified":"2021-06-07T19:58:38","modified_gmt":"2021-06-07T17:58:38","slug":"le-conseil-scientifique","status":"publish","type":"page","link":"https:\/\/relien.unistra.fr\/de\/le-conseil-scientifique\/","title":{"rendered":"Wissenschaftlicher Beirat"},"content":{"rendered":"<p><span style=\"font-weight: 400;\">Im Zuge der Realisierung des Projekts RELIEN hat die Leitung einen wissenschaftlichen Beirat einberufen, der die Koordination der verschiedenen Universit\u00e4ten und Partnerorganisationen \u00fcbernimmt. Er garantiert die wissenschaftliche Qualit\u00e4t der Weiterbildungsangebote und der angeschlossenen Forschungsarbeiten. Der wissenschaftliche Beirat setzt sich zusammen aus Lehrenden und Forschenden des Projekts, den Repr\u00e4sentanten der Universit\u00e4ten und Partnerorganisationen.<\/span><\/p>\n<p><span style=\"font-weight: 400;\">Das Ziel des Projekts besteht darin, Weiterbildungskurse zu erstellen, die an die Anforderungen der Zielgruppen angepasst sind und die konkreten Probleme im Bereich der Wirtschaft und der zuk\u00fcnftigen Mitarbeiter zu ber\u00fccksichtigen, die sich marginalisiert f\u00fchlen. Diese Lehrprogramme, die Kompetenzen in Religionswissenschaften, P\u00e4dagogik, Theologie, konfessionellem Recht (muslimisches Recht, kanonisches Recht, j\u00fcdisches Recht, evangelische Ethik), Religionsrecht (Arbeitsrecht und Religion) und Soziologie fordern, werden in verschiedenen Formaten vermittelt: Konferenzen, Seminare, Studientage oder m\u00f6glicherweise durch ein einj\u00e4hriges Universit\u00e4tsdiplom. Die lehrenden und forschenden Mitglieder des Projekts werden in Zusammenarbeit mit den assoziierten Partnern den Inhalt der Trainingskurse entwickeln und grundlegende p\u00e4dagogische Reflexionen anstellen. Der Aufbau der Schulungen wird mit der Einf\u00fchrung neuer didaktischer Werkzeuge verbunden sein. Die Einrichtung einer international ausgerichteten Dokumentation \u00fcber ein zweisprachiges digitales Portal wird die Liste der im Rahmen dieses Projekts entwickelten Hilfsmittel vervollst\u00e4ndigen.<\/span><\/p>\n","protected":false},"excerpt":{"rendered":"<p>Im Zuge der Realisierung des Projekts RELIEN hat die Leitung einen wissenschaftlichen Beirat einberufen, der die Koordination der verschiedenen Universit\u00e4ten&hellip;<\/p>\n","protected":false},"author":8,"featured_media":0,"parent":0,"menu_order":0,"comment_status":"closed","ping_status":"closed","template":"","meta":[],"aioseo_notices":[],"jetpack_sharing_enabled":true,"_links":{"self":[{"href":"https:\/\/relien.unistra.fr\/de\/wp-json\/wp\/v2\/pages\/4102"}],"collection":[{"href":"https:\/\/relien.unistra.fr\/de\/wp-json\/wp\/v2\/pages"}],"about":[{"href":"https:\/\/relien.unistra.fr\/de\/wp-json\/wp\/v2\/types\/page"}],"author":[{"embeddable":true,"href":"https:\/\/relien.unistra.fr\/de\/wp-json\/wp\/v2\/users\/8"}],"replies":[{"embeddable":true,"href":"https:\/\/relien.unistra.fr\/de\/wp-json\/wp\/v2\/comments?post=4102"}],"version-history":[{"count":2,"href":"https:\/\/relien.unistra.fr\/de\/wp-json\/wp\/v2\/pages\/4102\/revisions"}],"predecessor-version":[{"id":4111,"href":"https:\/\/relien.unistra.fr\/de\/wp-json\/wp\/v2\/pages\/4102\/revisions\/4111"}],"wp:attachment":[{"href":"https:\/\/relien.unistra.fr\/de\/wp-json\/wp\/v2\/media?parent=4102"}],"curies":[{"name":"wp","href":"https:\/\/api.w.org\/{rel}","templated":true}]}}