{"id":4104,"date":"2021-06-07T19:41:54","date_gmt":"2021-06-07T17:41:54","guid":{"rendered":"https:\/\/relien.adipso.fr\/?page_id=4104"},"modified":"2021-06-07T19:41:54","modified_gmt":"2021-06-07T17:41:54","slug":"begleitausschuesse","status":"publish","type":"page","link":"https:\/\/relien.unistra.fr\/de\/begleitausschuesse\/","title":{"rendered":"Begleitaussch\u00fcsse"},"content":{"rendered":"<p><span style=\"font-weight: 400;\">Das Projekt wird von einem Interreligi\u00f6sen Institut, bestehend aus einem wissenschaftlichen Beirat und zwei Begleitaussch\u00fcssen, gesteuert. Ein Begleitausschuss pflegt Kontakte mit Unternehmen, der zweite widmet sich den Beziehungen zu den schwer erreichbaren Zielgruppen.<\/span><span style=\"font-weight: 400;\">\u00a0<\/span><\/p>\n<p><span style=\"font-weight: 400;\">Der Begleitausschuss, der die Beziehungen zur Wirtschaft pflegt, wird das Ziel haben, Verbindungen mit der Gesch\u00e4ftswelt am Oberrhein zu kn\u00fcpfen. Sie wird sich auch bem\u00fchen, die Bed\u00fcrfnisse der kontaktierten Unternehmen in Bezug auf die interreligi\u00f6se Weiterbildung zu definieren und verschiedene Weiterbildungskurse zu schaffen, die diesen Bed\u00fcrfnissen entsprechen.<\/span><\/p>\n<p><span style=\"font-weight: 400;\">Der Begleitausschuss mit Fokus auf die schwer erreichbaren Gruppen stellt Kontakt zu den Betreuern und Mittlern dieser Zielgruppe her. Auch hier ist sie bestrebt, die Bed\u00fcrfnisse dieser Zielgruppe zu ermitteln und die Weiterbildungsangebote darauf abzustimmen.\u00a0<\/span><\/p>\n<p><span style=\"font-weight: 400;\">Diese Aussch\u00fcsse b\u00fcndeln ihre Erfahrungen und ihre Fragen bei einem j\u00e4hrlichen Treffen. Der Begleitausschuss, der f\u00fcr die Beziehungen zu schwierigen Zielgruppen zust\u00e4ndig ist, wird von allen kofinanzierenden Partneruniversit\u00e4ten und assoziierten Partnern getragen. Er besteht aus Lehrenden und Forschenden, Vertretern von Berufsverb\u00e4nden, religi\u00f6sen F\u00fchrungspersonen des Comit\u00e9 interreligieux de la r\u00e9gion Grand Est (CIR), Verb\u00e4nden, die auf interreligi\u00f6se Fragen spezialisiert sind,\u00a0 und lokalen Beh\u00f6rden. Er wird die Beziehungen zu den betreffenden religi\u00f6sen Einrichtungen (Koranschulen, freie Schulen usw.) pflegen und sich bem\u00fchen, Weiterbildungskurse entsprechend den bei den Arbeitstreffen ermittelten Bed\u00fcrfnissen zu schaffen. So kann er ein auf diese Zielgruppen abgestimmtes Weiterbildungsangebot erarbeiten.<\/span><\/p>\n<p><span style=\"font-weight: 400;\">Dieser Ansatz hat den Inhalt und die Koh\u00e4renz der Schulungen im Blick und wird von den beiden oben genannten Aussch\u00fcssen verfolgt. Die Angebote sollen den sehr unterschiedlichen Bed\u00fcrfnissen und Wissensst\u00e4nden der Zielgruppen angepasst werden. Daher sollen die Anforderungen der verschiedenen Akteure reflektiert und hinsichtlich ihrer Realisierbarkeit \u00fcberpr\u00fcft werden. Au\u00dferdem soll eine gute Abstimmung zwischen den Anforderungen und den Inhalten der Weiterbildungskurse gew\u00e4hrleistet werden. Jeder Partnerstandort (Landau, Stra\u00dfburg, Basel) wird Unteraussch\u00fcsse bilden, deren Zusammenschl\u00fcsse die beiden \u00fcbergeordneten Begleitaussch\u00fcsse bilden.<\/span><\/p>\n<p><span style=\"font-weight: 400;\">Cette d\u00e9marche consacr\u00e9e au contenu et \u00e0 la coh\u00e9rence des formations sera port\u00e9e par les deux commissions pr\u00e9cit\u00e9es qui assureront la pertinence et la coh\u00e9rence des formations afin<\/span><span style=\"font-weight: 400;\"><br \/>\n<\/span><span style=\"font-weight: 400;\">qu\u2019elles soient adapt\u00e9es \u00e0 ces publics cibles dont les niveaux de connaissances sont fortement diff\u00e9renci\u00e9s. Il s\u2019agira d\u2019engager une r\u00e9flexion sur les demandes formul\u00e9es par les diff\u00e9rents acteurs, de v\u00e9rifier leur faisabilit\u00e9 et d\u2019assurer une bonne articulation entre les demandes et le contenu des formations. Chaque site partenaire (Landau, Strasbourg, B\u00e2le) cr\u00e9era des sous-commissions. Les r\u00e9unions de l\u2019ensemble des sous commissions constitueront les deux commissions de suivi.<\/span><\/p>\n","protected":false},"excerpt":{"rendered":"<p>Das Projekt wird von einem Interreligi\u00f6sen Institut, bestehend aus einem wissenschaftlichen Beirat und zwei Begleitaussch\u00fcssen, gesteuert. Ein Begleitausschuss pflegt Kontakte&hellip;<\/p>\n","protected":false},"author":8,"featured_media":0,"parent":0,"menu_order":0,"comment_status":"closed","ping_status":"closed","template":"","meta":[],"aioseo_notices":[],"jetpack_sharing_enabled":true,"_links":{"self":[{"href":"https:\/\/relien.unistra.fr\/de\/wp-json\/wp\/v2\/pages\/4104"}],"collection":[{"href":"https:\/\/relien.unistra.fr\/de\/wp-json\/wp\/v2\/pages"}],"about":[{"href":"https:\/\/relien.unistra.fr\/de\/wp-json\/wp\/v2\/types\/page"}],"author":[{"embeddable":true,"href":"https:\/\/relien.unistra.fr\/de\/wp-json\/wp\/v2\/users\/8"}],"replies":[{"embeddable":true,"href":"https:\/\/relien.unistra.fr\/de\/wp-json\/wp\/v2\/comments?post=4104"}],"version-history":[{"count":1,"href":"https:\/\/relien.unistra.fr\/de\/wp-json\/wp\/v2\/pages\/4104\/revisions"}],"predecessor-version":[{"id":4105,"href":"https:\/\/relien.unistra.fr\/de\/wp-json\/wp\/v2\/pages\/4104\/revisions\/4105"}],"wp:attachment":[{"href":"https:\/\/relien.unistra.fr\/de\/wp-json\/wp\/v2\/media?parent=4104"}],"curies":[{"name":"wp","href":"https:\/\/api.w.org\/{rel}","templated":true}]}}