{"id":837,"date":"2017-09-19T12:01:30","date_gmt":"2017-09-19T10:01:30","guid":{"rendered":"http:\/\/interreligio.unistra.fr\/?page_id=837\/"},"modified":"2021-06-07T19:50:41","modified_gmt":"2021-06-07T17:50:41","slug":"partners","status":"publish","type":"page","link":"https:\/\/relien.unistra.fr\/en\/partners\/","title":{"rendered":"Partners"},"content":{"rendered":"<p><strong>L\u2019offre de formation \u00e0 l&#8217;interreligieux et \u00e0 l&#8217;interculturel sur le territoire du Rhin sup\u00e9rieur est novatrice,\u00a0 particuli\u00e8rement importante et diversifi\u00e9e. Cette zone g\u00e9ographique concentre tous les outils aux fins de r\u00e9pondre efficacement aux d\u00e9fis pos\u00e9s par la cohabitions entre les religions.<\/strong><\/p>\n<h2>Porteur du projet<\/h2>\n<p>Le projet RELIEN est port\u00e9 par l\u2019Universit\u00e9 de Strasbourg, en France. Cet effort synergique a \u00e9t\u00e9 entrepris par le Professeur Francis Messner, directeur de recherche \u00e9m\u00e9rite \u00e0 l\u2019Unit\u00e9 mixte de recherche Droit, Religion, Entreprise et Soci\u00e9t\u00e9 (DRES) et professeur conventionn\u00e9 \u00e0 l&#8217;Universit\u00e9 de Strasbourg, \u00e0 la suite d\u2019un travail de long terme sur les rapports entre droit, religion et soci\u00e9t\u00e9.<\/p>\n<h5>Universit\u00e9 de Strasbourg<\/h5>\n<h5><img decoding=\"async\" loading=\"lazy\" class=\"aligncenter wp-image-3972\" src=\"https:\/\/relien.unistra.fr\/wp-content\/uploads\/2021\/05\/Signature_Universite_Strasbourg_Unistra2_Transparent-600x218.png\" alt=\"\" width=\"300\" height=\"109\" srcset=\"https:\/\/relien.unistra.fr\/wp-content\/uploads\/2021\/05\/Signature_Universite_Strasbourg_Unistra2_Transparent-600x218.png 600w, https:\/\/relien.unistra.fr\/wp-content\/uploads\/2021\/05\/Signature_Universite_Strasbourg_Unistra2_Transparent-768x279.png 768w, https:\/\/relien.unistra.fr\/wp-content\/uploads\/2021\/05\/Signature_Universite_Strasbourg_Unistra2_Transparent.png 798w\" sizes=\"(max-width: 300px) 100vw, 300px\" \/><\/h5>\n<p>Labellis\u00e9e pour la deuxi\u00e8me fois en 2016 par les initiatives d\u2019excellence (IDEX), l\u2019Universit\u00e9 de Strasbourg d\u00e9livre des dipl\u00f4mes en histoire des religions, en droit canonique, en th\u00e9ologie catholique, en th\u00e9ologie protestante, en droit des religions et en \u00e9tudes h\u00e9bra\u00efques. L\u2019Universit\u00e9 de Strasbourg dispose, en raison de l\u2019existence d\u2019un droit local alsacien-mosellan, d\u2019une facult\u00e9 de th\u00e9ologie catholique et d\u2019une facult\u00e9 de th\u00e9ologie protestante. En 2009, elle ouvre une formation de niveau Master en islamologie qui conforte sa position singuli\u00e8re dans le paysage de l\u2019Enseignement et de la Recherche, puisqu\u2019il existe aujourd\u2019hui tr\u00e8s peu de cursus pour cette fili\u00e8re dans l\u2019hexagone. De plus, la facult\u00e9 des sciences historiques de Strasbourg propose la fili\u00e8re Histoire et sciences des religions, cursus universitaire rare qui associe diff\u00e9rentes mati\u00e8res constitutives des sciences historiques et sociales des religions.<\/p>\n<p>Le projet RELIEN b\u00e9n\u00e9ficie du soutien de l\u2019unit\u00e9 mixte de recherche Droit, Religion, Entreprise et Soci\u00e9t\u00e9 (DRES) localis\u00e9e \u00e0 l\u2019Universit\u00e9 de Strasbourg.<\/p>\n<p>P\u00f4le de comp\u00e9tences unique en France dans le domaine des sciences et droit des religions, l\u2019Universit\u00e9 de Strasbourg rassemble autour du projet RELIEN des enseignants-chercheurs de toutes ces disciplines dans l\u2019objectif de mettre en commun leurs savoirs et connaissances in\u00e9dites.<\/p>\n<p><a href=\"https:\/\/www.unistra.fr\/\" target=\"_blank\" rel=\"noopener\">le site de l\u2019Universit\u00e9 de Strasbourg<\/a><\/p>\n<h2>Partenaires co-financeurs<\/h2>\n<p>L\u2019Universit\u00e9 de Koblenz-Landau en Allemagne, ainsi que l\u2019Universit\u00e9 de B\u00e2le en Suisse sont partenaires co-financeurs du projet. Prenant pleinement part au consortium universitaire, ces \u00e9tablissements proposeront les offres de formation sur leurs sites et participeront \u00e0 toutes les actions d\u00e9velopp\u00e9es dans le cadre du projet RELIEN. L\u2019Universit\u00e9 de Koblenz-Landau et celle de B\u00e2le font appel \u00e0 leurs savoirs en th\u00e9ologie protestante et catholique ainsi qu&#8217;en sciences des religions, par l\u2019implication d\u2019enseignants-chercheurs sp\u00e9cialis\u00e9s dans ces domaines.<\/p>\n<h5>Universit\u00e9 de KOBLENZ-LANDAU<\/h5>\n<p><img decoding=\"async\" loading=\"lazy\" class=\"aligncenter wp-image-3770\" src=\"https:\/\/relien.unistra.fr\/wp-content\/uploads\/2021\/05\/logo.png\" alt=\"\" width=\"300\" height=\"48\" \/><\/p>\n<p>R\u00e9solument interdisciplinaire, l\u2019Universit\u00e9 de Koblenz-Landau compte parmi ses composantes de tr\u00e8s prestigieuse facult\u00e9s de th\u00e9ologie catholiqeu et protestante. Cette universit\u00e9 constitue un apport important au projet, en raison de l\u2019excellence de ses travaux notamment dans la domaine de la p\u00e9dagogie et sciences des religions.<\/p>\n<p><a href=\"https:\/\/www.uni-koblenz-landau.de\/en\" target=\"_blank\" rel=\"noopener\">le site de l&#8217;universit\u00e9 de KOBLENZ-LANDAU<\/a><\/p>\n<h5>Universit\u00e9 de B\u00e2le<\/h5>\n<p><img decoding=\"async\" loading=\"lazy\" class=\"aligncenter wp-image-451\" src=\"https:\/\/relien.unistra.fr\/wp-content\/uploads\/2017\/07\/Universit\u00e9-B\u00e2le-434x600.png\" alt=\"\" width=\"145\" height=\"200\" srcset=\"https:\/\/relien.unistra.fr\/wp-content\/uploads\/2017\/07\/Universit\u00e9-B\u00e2le-434x600.png 434w, https:\/\/relien.unistra.fr\/wp-content\/uploads\/2017\/07\/Universit\u00e9-B\u00e2le.png 740w\" sizes=\"(max-width: 145px) 100vw, 145px\" \/><\/p>\n<p>La facult\u00e9 de th\u00e9ologie protestante de l\u2019Universit\u00e9 de B\u00e2le dispense, en collaboration avec la facult\u00e9 de philosophie et d\u2019histoire, un enseignement de sciences des religions qui int\u00e8gre les \u00e9tudes h\u00e9bra\u00efques.<\/p>\n<p><a href=\"https:\/\/www.unibas.ch\/en.html\" target=\"_blank\" rel=\"noopener\">le site de l&#8217;universit\u00e9 de B\u00e2le<\/a><\/p>\n<h5>Universit\u00e9 de HAUTE-ALSACE<\/h5>\n<p><img decoding=\"async\" loading=\"lazy\" class=\"aligncenter wp-image-3766\" src=\"https:\/\/relien.unistra.fr\/wp-content\/uploads\/2021\/05\/UHA-1-600x144.png\" alt=\"\" width=\"400\" height=\"96\" srcset=\"https:\/\/relien.unistra.fr\/wp-content\/uploads\/2021\/05\/UHA-1-600x144.png 600w, https:\/\/relien.unistra.fr\/wp-content\/uploads\/2021\/05\/UHA-1-768x184.png 768w, https:\/\/relien.unistra.fr\/wp-content\/uploads\/2021\/05\/UHA-1.png 903w\" sizes=\"(max-width: 400px) 100vw, 400px\" \/><\/p>\n<p><a href=\"https:\/\/www.uha.fr\/fr\/index.html\" target=\"_blank\" rel=\"noopener\">le site de l&#8217;universit\u00e9 de HAUTE-ALSACE<\/a><\/p>\n<h5>CENTRE NATIONAL DE LA RECHERCHE SCIENTIFIQUE<\/h5>\n<p><img decoding=\"async\" loading=\"lazy\" class=\"aligncenter wp-image-3772\" src=\"https:\/\/relien.unistra.fr\/wp-content\/uploads\/2021\/05\/1200px-Centre_national_de_la_recherche_scientifique.svg_-600x600.png\" alt=\"\" width=\"150\" height=\"150\" srcset=\"https:\/\/relien.unistra.fr\/wp-content\/uploads\/2021\/05\/1200px-Centre_national_de_la_recherche_scientifique.svg_-600x600.png 600w, https:\/\/relien.unistra.fr\/wp-content\/uploads\/2021\/05\/1200px-Centre_national_de_la_recherche_scientifique.svg_-1024x1024.png 1024w, https:\/\/relien.unistra.fr\/wp-content\/uploads\/2021\/05\/1200px-Centre_national_de_la_recherche_scientifique.svg_-300x300.png 300w, https:\/\/relien.unistra.fr\/wp-content\/uploads\/2021\/05\/1200px-Centre_national_de_la_recherche_scientifique.svg_-768x768.png 768w, https:\/\/relien.unistra.fr\/wp-content\/uploads\/2021\/05\/1200px-Centre_national_de_la_recherche_scientifique.svg_-50x50.png 50w, https:\/\/relien.unistra.fr\/wp-content\/uploads\/2021\/05\/1200px-Centre_national_de_la_recherche_scientifique.svg_-100x100.png 100w, https:\/\/relien.unistra.fr\/wp-content\/uploads\/2021\/05\/1200px-Centre_national_de_la_recherche_scientifique.svg_.png 1200w\" sizes=\"(max-width: 150px) 100vw, 150px\" \/><\/p>\n<p><a href=\"https:\/\/www.alsace.cnrs.fr\/fr\/delegation\" target=\"_blank\" rel=\"noopener\">le site dU CNRS &#8211; D\u00e9l\u00e9gation ALSACE<\/a><\/p>\n<h2>Partenaires associ\u00e9s<\/h2>\n<p>Deux partenaires associ\u00e9s en Allemagne participent au projet INTER-RELIGIO par leurs apports en savoirs et connaissances compl\u00e9mentaires\u00a0: l\u2019Universit\u00e9 de Fribourg et l\u2019Institut d\u2019\u00e9tudes juives de Heidelberg<\/p>\n<h5>Universit\u00e9 de T\u00fcbingen<\/h5>\n<p><img decoding=\"async\" loading=\"lazy\" class=\"aligncenter wp-image-443\" src=\"https:\/\/relien.unistra.fr\/wp-content\/uploads\/2017\/07\/logo_ekut.png\" alt=\"\" width=\"255\" height=\"180\" \/><\/p>\n<p>Le premier d\u00e9partement de th\u00e9ologie islamique en Allemagne a ouvert en 2012 \u00e0 l\u2019Universit\u00e9 de T\u00fcbingen, gr\u00e2ce \u00e0 une dotation du Minist\u00e8re f\u00e9d\u00e9ral allemand de l\u2019Enseignement sup\u00e9rieur et de la recherche. T\u00fcbingen est la seule universit\u00e9 publique adjacente au territoire du Rhin sup\u00e9rieur \u00e0 dispenser un enseignement en th\u00e9ologie musulmane. La participation du centre d\u2019\u00e9tudes islamique au projet INTER-RELIGIO est un atout majeur pour l\u2019apport de sp\u00e9cialistes reconnus dans ce domaine de recherche.<\/p>\n<p><a href=\"https:\/\/uni-tuebingen.de\/universitaet\/\" target=\"_blank\" rel=\"noopener\">le site de l&#8217;universit\u00e9 de TUBINGEN<\/a><\/p>\n<h5>ASSOCIATION COEXISTER FRANCE<\/h5>\n<p><img decoding=\"async\" loading=\"lazy\" class=\"aligncenter wp-image-3782\" src=\"https:\/\/relien.unistra.fr\/wp-content\/uploads\/2021\/05\/logo-2.png\" alt=\"\" width=\"250\" height=\"85\" \/><\/p>\n<p>Coexister est un mouvement interconvictionnel permettant \u00e0 des jeunes de 15 \u00e0 35 ans de cr\u00e9er du lien social et de promouvoir un mieux vivre ensemble. Coexister compte actuellement\u00a045 groupes locaux implant\u00e9s dans 33 villes en France.<\/p>\n<p><a href=\"https:\/\/www.coexister.fr\/\" target=\"_blank\" rel=\"noopener\">le site de l&#8217;Association COEXISTER FRance<\/a><\/p>\n<h2>Autres organismes<\/h2>\n<p>Plusieurs autres organismes publics sont li\u00e9s au d\u00e9veloppement d\u2019INTER-RELIGIO, soit par un soutien financier, soit par un investissement individuel au sein du projet.<\/p>\n<h5>Le programme INTERREG V Rhin sup\u00e9rieur<\/h5>\n<p><img decoding=\"async\" loading=\"lazy\" class=\"aligncenter wp-image-440\" src=\"https:\/\/relien.unistra.fr\/wp-content\/uploads\/2017\/07\/interreg-logo.png\" alt=\"\" width=\"374\" height=\"130\" \/><\/p>\n<p>Le programme INTERREG V Rhin sup\u00e9rieur, d\u00e9velopp\u00e9 par l\u2019Union Europ\u00e9enne, porte le projet RELIEN\u00a0 en rendant possible le d\u00e9veloppement des actions pr\u00e9vues par le cofinancement en Fonds Europ\u00e9ens de D\u00e9veloppement R\u00e9gional. En plus du soutien financier, les instances du programme travaillent conjointement avec l\u2019\u00e9quipe RELIEN\u00a0 et veillent \u00e0 la r\u00e9ussite du projet.<\/p>\n<p><a href=\"https:\/\/relien.unistra.fr\/programme-interreg\/\">En savoir plus sur le programme INTERREG<\/a><\/p>\n<h5>le Canton de B\u00e2le-Ville (NPR\/CTE), LE PROGRAMME D&#8217;INT\u00e9GRATION CANTONAUX et la Regio Basiliensis<\/h5>\n<p><img decoding=\"async\" loading=\"lazy\" class=\"aligncenter wp-image-427\" src=\"https:\/\/relien.unistra.fr\/wp-content\/uploads\/2017\/07\/Basel-Stadt-600x215.jpg\" alt=\"\" width=\"300\" height=\"108\" srcset=\"https:\/\/relien.unistra.fr\/wp-content\/uploads\/2017\/07\/Basel-Stadt-600x215.jpg 600w, https:\/\/relien.unistra.fr\/wp-content\/uploads\/2017\/07\/Basel-Stadt-768x275.jpg 768w, https:\/\/relien.unistra.fr\/wp-content\/uploads\/2017\/07\/Basel-Stadt-1024x367.jpg 1024w, https:\/\/relien.unistra.fr\/wp-content\/uploads\/2017\/07\/Basel-Stadt.jpg 1383w\" sizes=\"(max-width: 300px) 100vw, 300px\" \/><\/p>\n<p>&nbsp;<\/p>\n<p><img decoding=\"async\" loading=\"lazy\" class=\"aligncenter wp-image-3779\" src=\"https:\/\/relien.unistra.fr\/wp-content\/uploads\/2021\/05\/Logo_KIP_BS_RGB.png\" alt=\"\" width=\"220\" height=\"200\" \/><\/p>\n<p>&nbsp;<\/p>\n<p><img decoding=\"async\" loading=\"lazy\" class=\"aligncenter wp-image-445\" src=\"https:\/\/relien.unistra.fr\/wp-content\/uploads\/2017\/07\/Regio-Basiliensis-600x287.jpg\" alt=\"\" width=\"272\" height=\"130\" \/><\/p>\n<p>Hors l&#8217;Union Europ\u00e9enne, l\u2019Universit\u00e9 de B\u00e2le en Suisse ne peut b\u00e9n\u00e9ficier de l\u2019apport en Fonds Europ\u00e9ens de D\u00e9veloppement R\u00e9gional (FEDER) propos\u00e9 pour les projets port\u00e9s par des pays membres. L\u2019Universit\u00e9 de Bale s\u2019est tourn\u00e9e vers les administrations locales en Suisse : le canton de B\u00e2le-Ville, le Programme d&#8217;integration cantonaux , ainsi que le Service de coordination inter-cantonal aupr\u00e8s de la Regio-Basiliensis qui subventionneront le projet RELIEN pendant trois ans.<\/p>\n","protected":false},"excerpt":{"rendered":"<p>L\u2019offre de formation \u00e0 l&#8217;interreligieux et \u00e0 l&#8217;interculturel sur le territoire du Rhin sup\u00e9rieur est novatrice,\u00a0 particuli\u00e8rement importante et diversifi\u00e9e.&hellip;<\/p>\n","protected":false},"author":4,"featured_media":3593,"parent":0,"menu_order":50,"comment_status":"closed","ping_status":"closed","template":"","meta":[],"aioseo_notices":[],"jetpack_sharing_enabled":true,"_links":{"self":[{"href":"https:\/\/relien.unistra.fr\/en\/wp-json\/wp\/v2\/pages\/837"}],"collection":[{"href":"https:\/\/relien.unistra.fr\/en\/wp-json\/wp\/v2\/pages"}],"about":[{"href":"https:\/\/relien.unistra.fr\/en\/wp-json\/wp\/v2\/types\/page"}],"author":[{"embeddable":true,"href":"https:\/\/relien.unistra.fr\/en\/wp-json\/wp\/v2\/users\/4"}],"replies":[{"embeddable":true,"href":"https:\/\/relien.unistra.fr\/en\/wp-json\/wp\/v2\/comments?post=837"}],"version-history":[{"count":9,"href":"https:\/\/relien.unistra.fr\/en\/wp-json\/wp\/v2\/pages\/837\/revisions"}],"predecessor-version":[{"id":4110,"href":"https:\/\/relien.unistra.fr\/en\/wp-json\/wp\/v2\/pages\/837\/revisions\/4110"}],"wp:featuredmedia":[{"embeddable":true,"href":"https:\/\/relien.unistra.fr\/en\/wp-json\/wp\/v2\/media\/3593"}],"wp:attachment":[{"href":"https:\/\/relien.unistra.fr\/en\/wp-json\/wp\/v2\/media?parent=837"}],"curies":[{"name":"wp","href":"https:\/\/api.w.org\/{rel}","templated":true}]}}